{"id":291,"date":"2021-08-23T08:22:14","date_gmt":"2021-08-23T08:22:14","guid":{"rendered":"https:\/\/www.granola.plus.vijuga.com\/?page_id=291"},"modified":"2024-12-19T09:33:17","modified_gmt":"2024-12-19T08:33:17","slug":"uvjeti-poslovanja","status":"publish","type":"page","link":"https:\/\/gogogranola.hr\/nova\/uvjeti-poslovanja\/","title":{"rendered":"Uvjeti poslovanja na\u0161ega obrta"},"content":{"rendered":"<div class=\"vce-row-container\" data-vce-boxed-width=\"true\">\n<div id=\"el-05fb59c0\" class=\"vce-row vce-row--col-gap-30 vce-row-equal-height vce-row-columns--top vce-row-content--top\" data-vce-do-apply=\"all el-05fb59c0\">\n<div class=\"vce-row-content\" data-vce-element-content=\"true\">\n<div id=\"el-0e6275f6\" class=\"vce-col vce-col--md-auto vce-col--xs-1 vce-col--xs-last vce-col--xs-first vce-col--sm-last vce-col--sm-first vce-col--md-last vce-col--lg-last vce-col--xl-last vce-col--md-first vce-col--lg-first vce-col--xl-first\">\n<div class=\"vce-col-inner\" data-vce-do-apply=\"border margin background el-0e6275f6\">\n<div class=\"vce-col-content\" data-vce-element-content=\"true\" data-vce-do-apply=\"padding el-0e6275f6\">\n<div class=\"vce-text-block\">\n<div id=\"el-16ed5ec0\" class=\"vce-text-block-wrapper vce\" data-vce-do-apply=\"all el-16ed5ec0\" data-vce-animate=\"vce-o-animate--fadeIn\" data-vcv-o-animated=\"true\" data-vcv-o-animated-fully=\"true\"><\/div>\n<\/div>\n<\/div>\n<\/div>\n<\/div>\n<\/div>\n<\/div>\n<\/div>\n<div class=\"vce-row-container\" data-vce-boxed-width=\"true\">\n<div id=\"el-a8610af8\" class=\"vce-row vce-row--col-gap-30 vce-row-equal-height vce-row-columns--top vce-row-content--top\" data-vce-do-apply=\"all el-a8610af8\">\n<div class=\"vce-row-content\" data-vce-element-content=\"true\">\n<div id=\"el-b92dc62a\" class=\"vce-col vce-col--md-auto vce-col--xs-1 vce-col--xs-last vce-col--xs-first vce-col--sm-last vce-col--sm-first vce-col--md-last vce-col--lg-last vce-col--xl-last vce-col--md-first vce-col--lg-first vce-col--xl-first\">\n<div class=\"vce-col-inner\" data-vce-do-apply=\"border margin background el-b92dc62a\">\n<div class=\"vce-col-content\" data-vce-element-content=\"true\" data-vce-do-apply=\"padding el-b92dc62a\">\n<div class=\"vce-text-block\">\n<div id=\"el-b9df379c\" class=\"vce-text-block-wrapper vce\" data-vce-do-apply=\"all el-b9df379c\">\n<h2><strong>UVJETI POSLOVANJA<\/strong><\/h2>\n<p>Dobrodo\u0161li na mre\u017enu stranicu www.gogogranola.hr!<\/p>\n<p>Molimo vas da pa\u017eljivo pro\u010ditate ove Uvjete poslovanja prije nego \u0161to koristite na\u0161u stranicu i kupujete proizvode.<\/p>\n<p>Kori\u0161tenjem stranice potvr\u0111ujete da ste suglasni s ni\u017ee navedenim uvjetima.<\/p>\n<h3><strong> OP\u0106E ODREDBE<\/strong><\/h3>\n<p>Ovi Uvjeti poslovanja (&#8220;Uvjeti&#8221;) primjenjuju se na sve kupnje proizvoda putem mre\u017ene stranice www.gogogranola.hr (&#8220;Stranica&#8221;), kojom upravlja Go Go Granola, obrt za proizvodnju \u017eitarica za doru\u010dak (&#8220;Prodavatelj&#8221;), sa sjedi\u0161tem u 31220 Vi\u0161njevca, M. P. Katan\u010di\u0107a 29.<\/p>\n<p>Kupac je svaka osoba koja izvr\u0161i narud\u017ebu na Stranici (&#8220;Kupac&#8221;). Kupac mo\u017ee biti fizi\u010dka ili pravna osoba s prebivali\u0161tem ili sjedi\u0161tem u Republici Hrvatskoj.<\/p>\n<p>Kori\u0161tenjem Stranice Kupac potvr\u0111uje da je upoznat s ovim Uvjetima i da ih prihva\u0107a.<\/p>\n<h3><strong> PROIZVODI I CIJENE<\/strong><\/h3>\n<p>Proizvodi koji se nude na Stranici su muesli &#8211; granole, integralni keksi, Start Paketi i drugi Paketi.<\/p>\n<p>Sve cijene su kona\u010dne i izra\u017eene su u hrvatskim eurima (EUR).<\/p>\n<p>Prodavatelj zadr\u017eava pravo izmjene cijena bez prethodne obavijesti. Cijene vrijede u trenutku zaprimanja narud\u017ebe.<\/p>\n<p>Fotografije proizvoda su ilustrativne prirode i mogu se razlikovati od stvarnog izgleda proizvoda.<\/p>\n<h3><strong> NARUD\u017dBE<\/strong><\/h3>\n<p>Kupac mo\u017ee izvr\u0161iti narud\u017ebu putem Stranice ispunjavanjem potrebnih podataka i potvrdom narud\u017ebe.<\/p>\n<p>Nakon zaprimanja narud\u017ebe, Prodavatelj \u0107e e-po\u0161tom ili kontaktom putem Vibera\/WhatsAppa poslati potvrdu narud\u017ebe Kupcu.<\/p>\n<p>Prodavatelj zadr\u017eava pravo otkazivanja narud\u017ebe u slu\u010daju:<\/p>\n<ul>\n<li>ako proizvod nije dostupan;<\/li>\n<li>ako Kupac nije dostavio to\u010dne podatke;<\/li>\n<li>u slu\u010daju nemogu\u0107nosti obrade pla\u0107anja.<\/li>\n<\/ul>\n<h3><strong> PLA\u0106ANJE<\/strong><\/h3>\n<p>Kupac mo\u017ee odabrati jedan od sljede\u0107ih na\u010dina pla\u0107anja:<\/p>\n<ul>\n<li>Pla\u0107anje izravnom bankovnom transakcijom<\/li>\n<li>Pla\u0107anje pouze\u0107em (prilikom dostave)<\/li>\n<\/ul>\n<h3><strong> DOSTAVA<\/strong><\/h3>\n<p>Dostava se vr\u0161i putem kurirske slu\u017ebe na adresu koju je Kupac naveo prilikom narud\u017ebe.<\/p>\n<p>Rok dostave je 1-5 radnih dana od potvrde narud\u017ebe, osim u slu\u010daju vi\u0161e sile.<\/p>\n<p>Tro\u0161kovi dostave izra\u010dunavaju se prilikom narud\u017ebe i prikazuju se Kupcu prije potvrde.<\/p>\n<h3><strong> PRAVO NA ODUSTANAK I POVRAT<\/strong><\/h3>\n<p>Kupac ima pravo odustati od kupnje u roku od 14 dana od primitka proizvoda bez navo\u0111enja razloga.<\/p>\n<p>Kako bi ostvario pravo na povrat, Kupac mora obavijestiti Prodavatelja putem e-po\u0161te info@gogogranola.hr i vratiti neotpakirani proizvod u originalnom pakiranju.<\/p>\n<p>Tro\u0161kove povrata snosi Kupac, osim u slu\u010daju reklamacije zbog neispravnog proizvoda.<\/p>\n<h3><strong> REKLAMACIJE<\/strong><\/h3>\n<p>U slu\u010daju reklamacije zbog o\u0161te\u0107enog, neispravnog ili pogre\u0161no isporu\u010denog proizvoda, Kupac mora kontaktirati Prodavatelja u roku od 2 dana od primitka proizvoda. <a href=\"https:\/\/gogogranola.hr\/wp-content\/uploads\/2021\/09\/OBRAZAC-ZA-JEDNOSTRANI-PREKID-UGOVORA.pdf\">Obrazac za jednostrani raskid ugovora<\/a><\/p>\n<p>Prodavatelj \u0107e zamijeniti proizvod ili izvr\u0161iti povrat uplate u roku od 14 dana od zaprimanja opravdane reklamacije.<\/p>\n<h3><strong> ZA\u0160TITA OSOBNIH PODATAKA<\/strong><\/h3>\n<p>Prodavatelj prikuplja i obra\u0111uje osobne podatke Kupca u skladu s va\u017ee\u0107im propisima o za\u0161titi osobnih podataka.<\/p>\n<p>Vi\u0161e informacija o obradi osobnih podataka mo\u017eete prona\u0107i u Politici privatnosti.<\/p>\n<p>Posebnom regulativom Europske unije, od 15.02.2016, diljem cijele EU sporove vezane uz online kupnje bit \u0107e mogu\u0107e rije\u0161iti putem ODR platforme.<\/p>\n<p>Platforma za rje\u0161avanje sporova dostupna je na internetskoj stranici <a href=\"http:\/\/ec.europa.eu\/consumers\/odr\/%3c\/a\">http:\/\/ec.europa.eu\/consumers\/odr\/<\/a>.<\/p>\n<p>Obavezujemo se pru\u017eati za\u0161titu osobnim podacima kupaca, na na\u010din da prikupljamo samo nu\u017ene, osnovne podatke o kupcima \/ korisnicima koji su nu\u017eni za ispunjenje na\u0161ih obveza; informiramo kupce o na\u010dinu kori\u0161tenja prikupljenih podataka, redovito dajemo kupcima mogu\u0107nost izbora o upotrebi njihovih podataka, uklju\u010duju\u0107i mogu\u0107nost odluke \u017eele li ili ne da se njihovo ime ukloni s lista koje se koriste za marketin\u0161ke kampanje.<\/p>\n<p>Svi se podaci o korisnicima strogo \u010duvaju i dostupni su samo djelatnicima kojima su ti podaci nu\u017eni za obavljanje posla. Svi na\u0161i djelatnici i poslovni partneri odgovorni su za po\u0161tivanje na\u010dela za\u0161tite privatnosti.<\/p>\n<p>Kako bi stranice www.gogogranola.hr ispravno radile, one moraju na ra\u010dunalo korisnika spremiti malenu koli\u010dinu informacija (Cookies). Prema regulacijama EU, Go Go Granola, obrt za proizvodnju \u017eitarica za doru\u010dak, Matije Petra Katan\u010di\u0107a 29, 31220 Vi\u0161njevac, Hrvatska prije spremanja kola\u010di\u0107a mora zatra\u017eiti pristanak korisnika. Kori\u0161tenjem web stranice www.gogogranola.hr i web trgovina korisnik pristaje na upotrebu kola\u010di\u0107a.<\/p>\n<p>Korisnik isklju\u010divanjem kola\u010di\u0107a odlu\u010duje ho\u0107e li dopustiti pohranjivanje kola\u010di\u0107a na svom ra\u010dunalu. Postavke kola\u010di\u0107a mogu se kontrolirati I konfigurirati u web\u00a0pregledniku koji korisnik koristi za pregledavanje web stranica. Ukoliko korisnik onemogu\u0107i kola\u010di\u0107e postoji mogu\u0107nost da stranica ne\u0107e mo\u0107i koristiti neke od\u00a0funkcionalnosti koje daje www.gogogranola.hr web trgovina.<\/p>\n<h3><strong> PRIMJENA I IZMJENE UVJETA POSLOVANJA<\/strong><\/h3>\n<p>Ovi Uvjeti primjenjuju se od trenutka objave na Stranici.<\/p>\n<p>Prodavatelj zadr\u017eava pravo izmjene Uvjeta bez prethodne najave. Kupac je du\u017ean provjeriti Uvjete prije svake kupnje.<\/p>\n<h3><strong> KONTAKT<\/strong><\/h3>\n<p>Za sva pitanja ili pritu\u017ebe mo\u017eete nas kontaktirati putem:<\/p>\n<ul>\n<li>E-po\u0161te: info@gogogranola.hr<\/li>\n<li>Telefona: +385 (0)99 599 0945<\/li>\n<li>Po\u0161tom: Go Go Granola, M. P. Katan\u010di\u0107a 29, 31220 Vi\u0161njevac<\/li>\n<\/ul>\n<p>Hvala \u0161to ste odabrali GoGo Granola!<\/p>\n<\/div>\n<\/div>\n<\/div>\n<\/div>\n<\/div>\n<\/div>\n<\/div>\n<\/div>\n","protected":false},"excerpt":{"rendered":"<p>UVJETI POSLOVANJA Dobrodo\u0161li na mre\u017enu stranicu www.gogogranola.hr! Molimo vas da pa\u017eljivo pro\u010ditate ove Uvjete poslovanja prije nego \u0161to koristite na\u0161u stranicu i kupujete proizvode. Kori\u0161tenjem stranice potvr\u0111ujete da ste suglasni s ni\u017ee navedenim uvjetima. OP\u0106E ODREDBE Ovi Uvjeti poslovanja (&#8220;Uvjeti&#8221;) primjenjuju se na sve kupnje proizvoda putem mre\u017ene stranice www.gogogranola.hr (&#8220;Stranica&#8221;), kojom upravlja Go Go [&hellip;]<\/p>\n","protected":false},"author":1,"featured_media":0,"parent":0,"menu_order":0,"comment_status":"closed","ping_status":"closed","template":"","meta":{"footnotes":""},"class_list":["post-291","page","type-page","status-publish","hentry"],"_links":{"self":[{"href":"https:\/\/gogogranola.hr\/nova\/wp-json\/wp\/v2\/pages\/291","targetHints":{"allow":["GET"]}}],"collection":[{"href":"https:\/\/gogogranola.hr\/nova\/wp-json\/wp\/v2\/pages"}],"about":[{"href":"https:\/\/gogogranola.hr\/nova\/wp-json\/wp\/v2\/types\/page"}],"author":[{"embeddable":true,"href":"https:\/\/gogogranola.hr\/nova\/wp-json\/wp\/v2\/users\/1"}],"replies":[{"embeddable":true,"href":"https:\/\/gogogranola.hr\/nova\/wp-json\/wp\/v2\/comments?post=291"}],"version-history":[{"count":5,"href":"https:\/\/gogogranola.hr\/nova\/wp-json\/wp\/v2\/pages\/291\/revisions"}],"predecessor-version":[{"id":6213,"href":"https:\/\/gogogranola.hr\/nova\/wp-json\/wp\/v2\/pages\/291\/revisions\/6213"}],"wp:attachment":[{"href":"https:\/\/gogogranola.hr\/nova\/wp-json\/wp\/v2\/media?parent=291"}],"curies":[{"name":"wp","href":"https:\/\/api.w.org\/{rel}","templated":true}]}}